{"id":90,"date":"2015-05-25T03:11:22","date_gmt":"2015-05-25T08:11:22","guid":{"rendered":"http:\/\/shglb.iftsn.com\/?page_id=90"},"modified":"2015-07-19T08:21:37","modified_gmt":"2015-07-19T13:21:37","slug":"fragments-dhistoire-par-yolande-allaire-roux","status":"publish","type":"page","link":"https:\/\/shglb.com\/index.php\/fragments-dhistoire-par-yolande-allaire-roux\/","title":{"rendered":"Fragments d\u2019histoire"},"content":{"rendered":"<p><img loading=\"lazy\" decoding=\"async\" class=\" wp-image-482 alignleft\" src=\"https:\/\/shglb.com\/wp-content\/uploads\/Yolande-Roux-WEB.jpg\" alt=\"Yolande Roux WEB\" width=\"300\" height=\"333\" \/><\/p>\n<p><strong>Fragments d\u2019histoire<\/strong><\/p>\n<p><em><strong>par Yolande Allaire-Roux<\/strong><\/em><\/p>\n<p>Dans ce chapitre, madame Yolande Roux nous fait part de ses d\u00e9couvertes depuis plus de 40 ans; elle a \u00e9crit nombre d&#8217;articles pour les journaux locaux, tous anim\u00e9s par son amour de l&#8217;Histoire.<\/p>\n<p>Vous trouverez ci-dessous un certain nombre de sujets abord\u00e9s. Une partie de cette liste se r\u00e9p\u00e8te sous l&#8217;onglet &#8220;Les histoires de notre Histoire&#8221;<\/p>\n<p>&nbsp;<\/p>\n<ul class=\"display-posts-listing\"><li class=\"listing-item\"><a class=\"title\" href=\"https:\/\/shglb.com\/index.php\/2015\/05\/25\/les-cimetieres\/\">Les cimeti\u00e8res<\/a><\/li><li class=\"listing-item\"><a class=\"title\" href=\"https:\/\/shglb.com\/index.php\/2015\/05\/25\/les-cures-gouin\/\">Les cur\u00e9s Gouin<\/a><\/li><li class=\"listing-item\"><a class=\"title\" href=\"https:\/\/shglb.com\/index.php\/2015\/05\/25\/les-ecrits-restent\/\">Les \u00e9crits restent<\/a><\/li><li class=\"listing-item\"><a class=\"title\" href=\"https:\/\/shglb.com\/index.php\/2015\/05\/25\/romain-becquet\/\">Romain Becquet<\/a><\/li><li class=\"listing-item\"><a class=\"title\" href=\"https:\/\/shglb.com\/index.php\/2015\/05\/25\/thomas-aime-chandonnet\/\">Thomas-Aim\u00e9 Chandonnet<\/a><\/li><li class=\"listing-item\"><a class=\"title\" href=\"https:\/\/shglb.com\/index.php\/2015\/05\/25\/trois-maisons-une-famille-les-methot\/\">Trois maisons, une famille; les M\u00e9thot<\/a><\/li><\/ul>\n<p>&nbsp;<\/p>\n","protected":false},"excerpt":{"rendered":"<p>Fragments d\u2019histoire par Yolande Allaire-Roux Dans ce chapitre, madame Yolande Roux nous fait part de ses d\u00e9couvertes depuis plus de 40 ans; elle a \u00e9crit nombre d&#8217;articles pour les journaux locaux, tous anim\u00e9s par son amour de l&#8217;Histoire. Vous trouverez ci-dessous un certain nombre de sujets abord\u00e9s. Une partie de cette liste se r\u00e9p\u00e8te sous [&hellip;]<\/p>\n","protected":false},"author":3,"featured_media":0,"parent":0,"menu_order":0,"comment_status":"closed","ping_status":"closed","template":"","meta":{"footnotes":""},"class_list":["post-90","page","type-page","status-publish","hentry"],"_links":{"self":[{"href":"https:\/\/shglb.com\/index.php\/wp-json\/wp\/v2\/pages\/90","targetHints":{"allow":["GET"]}}],"collection":[{"href":"https:\/\/shglb.com\/index.php\/wp-json\/wp\/v2\/pages"}],"about":[{"href":"https:\/\/shglb.com\/index.php\/wp-json\/wp\/v2\/types\/page"}],"author":[{"embeddable":true,"href":"https:\/\/shglb.com\/index.php\/wp-json\/wp\/v2\/users\/3"}],"replies":[{"embeddable":true,"href":"https:\/\/shglb.com\/index.php\/wp-json\/wp\/v2\/comments?post=90"}],"version-history":[{"count":19,"href":"https:\/\/shglb.com\/index.php\/wp-json\/wp\/v2\/pages\/90\/revisions"}],"predecessor-version":[{"id":689,"href":"https:\/\/shglb.com\/index.php\/wp-json\/wp\/v2\/pages\/90\/revisions\/689"}],"wp:attachment":[{"href":"https:\/\/shglb.com\/index.php\/wp-json\/wp\/v2\/media?parent=90"}],"curies":[{"name":"wp","href":"https:\/\/api.w.org\/{rel}","templated":true}]}}