{"id":64,"date":"2015-05-23T17:05:07","date_gmt":"2015-05-23T22:05:07","guid":{"rendered":"http:\/\/shglb.iftsn.com\/?page_id=64"},"modified":"2015-07-19T08:18:33","modified_gmt":"2015-07-19T13:18:33","slug":"histoire","status":"publish","type":"page","link":"https:\/\/shglb.com\/index.php\/histoire\/","title":{"rendered":"Histoire"},"content":{"rendered":"<p style=\"text-align: center;\"><strong>Les histoires de notre Histoire<\/strong><\/p>\n<ul>\n<li><a href=\"https:\/\/shglb.com\/index.php\/communications\/\">Communications<\/a>\n<ul>\n<li><a href=\"https:\/\/shglb.com\/index.php\/2015\/05\/22\/les-chemins-de-fer-dans-la-seigneurie-levrard-becquet\/\">Les chemins de fer<\/a><\/li>\n<li><a href=\"https:\/\/shglb.com\/index.php\/chemins-et-routes\/\">Chemins et routes<\/a><\/li>\n<li><a href=\"https:\/\/shglb.com\/index.php\/2015\/05\/25\/les-postes\/\">Les postes<\/a><\/li>\n<li>Le fleuve<\/li>\n<\/ul>\n<\/li>\n<li><a href=\"https:\/\/shglb.com\/index.php\/fragments-dhistoire-par-yolande-allaire-roux\/\">Fragments d\u2019histoire, par Yolande Allaire-Roux<\/a>\n<ul>\n<li><a href=\"https:\/\/shglb.com\/index.php\/2015\/05\/25\/thomas-aime-chandonnet\/\">Thomas-Aim\u00e9 Chandonnet<\/a><\/li>\n<li><a href=\"https:\/\/shglb.com\/index.php\/2015\/05\/25\/les-cimetieres\/\">Les cimeti\u00e8res<\/a><\/li>\n<li><a href=\"https:\/\/shglb.com\/index.php\/2015\/05\/25\/les-cures-gouin\/\">Les cur\u00e9s Gouin<\/a><\/li>\n<li><a href=\"https:\/\/shglb.com\/index.php\/2015\/05\/25\/les-ecrits-restent\/\">Les \u00e9crits restent<\/a><\/li>\n<li><a href=\"https:\/\/shglb.com\/index.php\/2015\/05\/25\/romain-becquet\/\">Romain Becquet<\/a><\/li>\n<li><a href=\"https:\/\/shglb.com\/index.php\/2015\/05\/25\/trois-maisons-une-famille-les-methot\/\">Trois maisons, une famille<\/a><\/li>\n<\/ul>\n<\/li>\n<li><a href=\"https:\/\/shglb.com\/index.php\/la-seigneurie\/\">La seigneurie<\/a>\n<ul>\n<li><a href=\"https:\/\/shglb.com\/index.php\/2015\/05\/25\/domaine-de-laperade\/\">Domaine Lap\u00e9rade<\/a><\/li>\n<li><a href=\"https:\/\/shglb.com\/index.php\/2015\/05\/25\/pas-facile-detre-seigneur\/\">Pas facile d\u2019\u00eatre seigneur<\/a><\/li>\n<li><a href=\"https:\/\/shglb.com\/index.php\/2015\/05\/25\/le-site-du-manoir\/\">Site du manoir<\/a><\/li>\n<li>Le manoir (\u00e0 venir)<\/li>\n<\/ul>\n<\/li>\n<li><a href=\"https:\/\/shglb.com\/index.php\/des-personnages\/\">Des personnages<\/a>\n<ul>\n<li><a href=\"https:\/\/shglb.com\/index.php\/2015\/05\/25\/desire-olivier-bourbeau-un-becquetois\/\">D.O. Bourbeau<\/a><\/li>\n<li><a href=\"https:\/\/shglb.com\/index.php\/2015\/05\/25\/gerard-demers\/\">G\u00e9rard Demers<\/a><\/li>\n<\/ul>\n<\/li>\n<li><a href=\"https:\/\/shglb.com\/index.php\/les-religieux\/\">Les religieux<\/a>\n<ul>\n<li><a href=\"https:\/\/shglb.com\/index.php\/2015\/05\/25\/le-pere-louis\/\">Le P\u00e8re Louis, r\u00e9collet<\/a><\/li>\n<li><a href=\"https:\/\/shglb.com\/index.php\/2015\/05\/25\/les-cures-gouin\/\">Les cur\u00e9s Gouin<\/a> (aussi pr\u00e9sent dans les Fragments d&#8217;histoire)<\/li>\n<li><a href=\"https:\/\/shglb.com\/index.php\/2015\/05\/25\/le-cure-joseph-bailey\/\">Le cur\u00e9 Joseph Bailey<\/a><\/li>\n<\/ul>\n<\/li>\n<li><a href=\"https:\/\/shglb.com\/index.php\/les-enseignants\/\">Les enseignants<\/a>\n<ul>\n<li><a href=\"https:\/\/shglb.com\/index.php\/2015\/05\/25\/les-maitresses-decole\/\">Les ma\u00eetresses d&#8217;\u00e9cole<\/a><\/li>\n<li>Les ma\u00eetres d&#8217;\u00e9cole<\/li>\n<\/ul>\n<\/li>\n<li><a href=\"https:\/\/shglb.com\/index.php\/2015\/05\/25\/les-medecins\/\">Les m\u00e9decins<\/a><\/li>\n<li><a href=\"https:\/\/shglb.com\/index.php\/la-toponymie\/\">La toponymie<\/a>\n<ul>\n<li><a href=\"https:\/\/shglb.com\/index.php\/2015\/05\/26\/lorigine-des-noms-de-notre-seigneurie\/\">L&#8217;origine des noms<\/a><\/li>\n<li>Rues\n<ul>\n<li><a href=\"https:\/\/shglb.com\/index.php\/2015\/05\/22\/la-rue-narcisse-beaudet\/\">Rue Narcisse-Beaudet<\/a><\/li>\n<li><a href=\"https:\/\/shglb.com\/index.php\/2015\/05\/22\/les-rues-methot-et-simeon-charland\/\">Rue M\u00e9thot et rue Sim\u00e9on-Charland<\/a><\/li>\n<\/ul>\n<\/li>\n<\/ul>\n<\/li>\n<li><a href=\"https:\/\/shglb.com\/index.php\/les-moulins\/\">Les moulins<\/a>\n<ul>\n<li><a href=\"https:\/\/shglb.com\/index.php\/2015\/05\/25\/le-moulin-du-lot-178\/\">lot 178<\/a><\/li>\n<li><a href=\"https:\/\/shglb.com\/index.php\/2015\/05\/25\/le-moulin-du-lot-190\/\">lot 190<\/a><\/li>\n<li><a href=\"https:\/\/shglb.com\/index.php\/2015\/05\/25\/le-moulin-du-lot-343\/\">lot 343<\/a><\/li>\n<li>lot 533<\/li>\n<li>les moulins seigneuriaux<\/li>\n<\/ul>\n<\/li>\n<li><a href=\"https:\/\/shglb.com\/index.php\/les-habitudes-de-vie\/\">Les habitudes de vie<\/a>\n<ul>\n<li><a href=\"https:\/\/shglb.com\/index.php\/2015\/05\/25\/ce-quils-buvaient-sous-le-regime-francais\/\">Ce qu&#8217;ils buvaient<\/a><\/li>\n<\/ul>\n<\/li>\n<li><a href=\"https:\/\/shglb.com\/index.php\/2015\/05\/25\/les-aqueducs\/\">Les aqueducs <\/a>(3 parties)<\/li>\n<li><a href=\"https:\/\/shglb.com\/index.php\/ressources-naturelles-et-industries\/\">Ressources naturelles et industries<\/a>\n<ul>\n<li><a href=\"https:\/\/shglb.com\/index.php\/2015\/05\/25\/gaz-de-schiste\/\">Gaz de schiste<\/a><\/li>\n<li><a href=\"https:\/\/shglb.com\/index.php\/2015\/05\/25\/mines-de-fer\/\">Mines de fer<\/a><\/li>\n<li>Bricailles<\/li>\n<li><a href=\"https:\/\/shglb.com\/index.php\/2015\/05\/25\/le-bois\/\">Le bois<\/a><\/li>\n<li><a href=\"https:\/\/shglb.com\/index.php\/lindustrie-de-la-tomate\/\">L&#8217;industrie de la tomate:<\/a>\n<ul>\n<li><a href=\"https:\/\/shglb.com\/index.php\/2015\/05\/31\/la-tomate-son-histoire\/\">La tomate: son histoire<\/a><\/li>\n<li><a href=\"https:\/\/shglb.com\/index.php\/2015\/05\/31\/jean-baptiste-lelaidier\/\">Jean-Baptiste Lelaidier<\/a><\/li>\n<li><a href=\"https:\/\/shglb.com\/index.php\/2015\/06\/01\/la-tomaterie\/\">La Tomaterie<\/a><\/li>\n<li><a href=\"https:\/\/shglb.com\/index.php\/2015\/05\/26\/une-travailleuse-de-la-tomate-cecile-spenard-poisson\/\">Une travailleuse de la tomate, C\u00e9cile Sp\u00e9nard-Poisson<\/a><\/li>\n<\/ul>\n<\/li>\n<\/ul>\n<\/li>\n<li><a href=\"https:\/\/shglb.com\/index.php\/les-associations\/\">Les associations<\/a>\n<ul>\n<li><a href=\"https:\/\/shglb.com\/index.php\/2015\/05\/25\/cercle-des-fermieres\/\">Cercle des fermi\u00e8res<\/a><\/li>\n<\/ul>\n<\/li>\n<\/ul>\n<p>N.B.: Certains articles sont en voie de pr\u00e9paration<\/p>\n","protected":false},"excerpt":{"rendered":"<p>Les histoires de notre Histoire Communications Les chemins de fer Chemins et routes Les postes Le fleuve Fragments d\u2019histoire, par Yolande Allaire-Roux Thomas-Aim\u00e9 Chandonnet Les cimeti\u00e8res Les cur\u00e9s Gouin Les \u00e9crits restent Romain Becquet Trois maisons, une famille La seigneurie Domaine Lap\u00e9rade Pas facile d\u2019\u00eatre seigneur Site du manoir Le manoir (\u00e0 venir) Des personnages [&hellip;]<\/p>\n","protected":false},"author":2,"featured_media":0,"parent":0,"menu_order":0,"comment_status":"closed","ping_status":"closed","template":"","meta":{"footnotes":""},"class_list":["post-64","page","type-page","status-publish","hentry"],"_links":{"self":[{"href":"https:\/\/shglb.com\/index.php\/wp-json\/wp\/v2\/pages\/64","targetHints":{"allow":["GET"]}}],"collection":[{"href":"https:\/\/shglb.com\/index.php\/wp-json\/wp\/v2\/pages"}],"about":[{"href":"https:\/\/shglb.com\/index.php\/wp-json\/wp\/v2\/types\/page"}],"author":[{"embeddable":true,"href":"https:\/\/shglb.com\/index.php\/wp-json\/wp\/v2\/users\/2"}],"replies":[{"embeddable":true,"href":"https:\/\/shglb.com\/index.php\/wp-json\/wp\/v2\/comments?post=64"}],"version-history":[{"count":10,"href":"https:\/\/shglb.com\/index.php\/wp-json\/wp\/v2\/pages\/64\/revisions"}],"predecessor-version":[{"id":1264,"href":"https:\/\/shglb.com\/index.php\/wp-json\/wp\/v2\/pages\/64\/revisions\/1264"}],"wp:attachment":[{"href":"https:\/\/shglb.com\/index.php\/wp-json\/wp\/v2\/media?parent=64"}],"curies":[{"name":"wp","href":"https:\/\/api.w.org\/{rel}","templated":true}]}}