{"id":47,"date":"2015-05-23T16:51:33","date_gmt":"2015-05-23T21:51:33","guid":{"rendered":"http:\/\/shglb.iftsn.com\/?page_id=47"},"modified":"2015-07-19T08:17:05","modified_gmt":"2015-07-19T13:17:05","slug":"exemple-du-registre-des-mariages-avec-classement-par-nom-de-lepoux","status":"publish","type":"page","link":"https:\/\/shglb.com\/index.php\/exemple-du-registre-des-mariages-avec-classement-par-nom-de-lepoux\/","title":{"rendered":"Exemple du registre des mariages, avec classement par nom de l&#8217;\u00e9poux."},"content":{"rendered":"<p>Le registre complet informatis\u00e9 comprend, en plus de ces renseignements, le m\u00e9tier du p\u00e8re, le domicile du conjoint non r\u00e9sidant dans la paroisse de Sainte-C\u00e9cile-de-L\u00e9vrard, s&#8217;il y a lieu, le nom des t\u00e9moins, et une note sp\u00e9cifiant si les conjoints ont d\u00e9j\u00e0 \u00e9t\u00e9 mari\u00e9s.<\/p>\n<p><img loading=\"lazy\" decoding=\"async\" class=\"aligncenter wp-image-575 size-full\" src=\"https:\/\/shglb.com\/wp-content\/uploads\/Mariage-\u00e9poux-Large.jpg\" alt=\"Mariage-\u00e9poux (Large)\" width=\"563\" height=\"768\" \/><\/p>\n","protected":false},"excerpt":{"rendered":"<p>Le registre complet informatis\u00e9 comprend, en plus de ces renseignements, le m\u00e9tier du p\u00e8re, le domicile du conjoint non r\u00e9sidant dans la paroisse de Sainte-C\u00e9cile-de-L\u00e9vrard, s&#8217;il y a lieu, le nom des t\u00e9moins, et une note sp\u00e9cifiant si les conjoints ont d\u00e9j\u00e0 \u00e9t\u00e9 mari\u00e9s.<\/p>\n","protected":false},"author":2,"featured_media":0,"parent":0,"menu_order":0,"comment_status":"closed","ping_status":"closed","template":"","meta":{"footnotes":""},"class_list":["post-47","page","type-page","status-publish","hentry"],"_links":{"self":[{"href":"https:\/\/shglb.com\/index.php\/wp-json\/wp\/v2\/pages\/47","targetHints":{"allow":["GET"]}}],"collection":[{"href":"https:\/\/shglb.com\/index.php\/wp-json\/wp\/v2\/pages"}],"about":[{"href":"https:\/\/shglb.com\/index.php\/wp-json\/wp\/v2\/types\/page"}],"author":[{"embeddable":true,"href":"https:\/\/shglb.com\/index.php\/wp-json\/wp\/v2\/users\/2"}],"replies":[{"embeddable":true,"href":"https:\/\/shglb.com\/index.php\/wp-json\/wp\/v2\/comments?post=47"}],"version-history":[{"count":2,"href":"https:\/\/shglb.com\/index.php\/wp-json\/wp\/v2\/pages\/47\/revisions"}],"predecessor-version":[{"id":639,"href":"https:\/\/shglb.com\/index.php\/wp-json\/wp\/v2\/pages\/47\/revisions\/639"}],"wp:attachment":[{"href":"https:\/\/shglb.com\/index.php\/wp-json\/wp\/v2\/media?parent=47"}],"curies":[{"name":"wp","href":"https:\/\/api.w.org\/{rel}","templated":true}]}}