{"id":35,"date":"2015-05-23T16:38:54","date_gmt":"2015-05-23T21:38:54","guid":{"rendered":"http:\/\/shglb.iftsn.com\/?page_id=35"},"modified":"2015-07-19T08:18:24","modified_gmt":"2015-07-19T13:18:24","slug":"genealogie","status":"publish","type":"page","link":"https:\/\/shglb.com\/index.php\/genealogie\/","title":{"rendered":"G\u00e9n\u00e9alogie"},"content":{"rendered":"<div id=\"attachment_521\" style=\"width: 325px\" class=\"wp-caption alignleft\"><img loading=\"lazy\" decoding=\"async\" aria-describedby=\"caption-attachment-521\" class=\"wp-image-521 size-full\" src=\"https:\/\/shglb.com\/wp-content\/uploads\/Chandonnet-siblings-circa-19100001-Small.jpg\" alt=\"Chandonnet siblings circa 19100001 (Small)\" width=\"315\" height=\"480\" \/><p id=\"caption-attachment-521\" class=\"wp-caption-text\">Famille Chandonnet<\/p><\/div>\n<p><strong>La page de g\u00e9n\u00e9alogie avec&#8230;<\/strong><\/p>\n<p><strong>&#8230;Nicole Sp\u00e9nard<\/strong><\/p>\n<p>&nbsp;<\/p>\n<p>&nbsp;<\/p>\n<p>&nbsp;<\/p>\n<p>&nbsp;<\/p>\n<p>Ici, nous pouvons suivre plusieurs g\u00e9n\u00e9rations qui se succ\u00e8dent, dans les familles <a href=\"https:\/\/shglb.com\/wp-content\/uploads\/Demers.pdf\" target=\"_blank\">Demers<\/a>, <a href=\"https:\/\/shglb.com\/wp-content\/uploads\/Lafond.pdf\" target=\"_blank\">Lafond<\/a> et <a href=\"https:\/\/shglb.com\/wp-content\/uploads\/Tousignant.pdf\" target=\"_blank\">Tousignant<\/a>. La version compl\u00e8te de cette g\u00e9n\u00e9alogie est \u00e9galement disponible; elle comprend tous les descendants de ces familles.<\/p>\n<p>Nicole Sp\u00e9nard a collig\u00e9 ainsi les noms de plus de cent cinquante mille individus dont les anc\u00eatres ont habit\u00e9 la seigneurie L\u00e9vrard-Becquet.<\/p>\n<p>&#8230;et \u00e7a continue!<\/p>\n<div id=\"attachment_471\" style=\"width: 351px\" class=\"wp-caption alignleft\"><img loading=\"lazy\" decoding=\"async\" aria-describedby=\"caption-attachment-471\" class=\"wp-image-471 size-full\" src=\"https:\/\/shglb.com\/wp-content\/uploads\/Scan0012-Small.jpg\" alt=\"Scan0012 (Small)\" width=\"341\" height=\"480\" \/><p id=\"caption-attachment-471\" class=\"wp-caption-text\">Jess\u00e9 Lafond, Laura Germain, et leurs filles Yvonne et Antoinette<\/p><\/div>\n<p>&nbsp;<\/p>\n<p>&nbsp;<\/p>\n<p>&nbsp;<\/p>\n<p>&nbsp;<\/p>\n<p>&nbsp;<\/p>\n<p>&nbsp;<\/p>\n<p>&nbsp;<\/p>\n<p>&nbsp;<\/p>\n<p>&nbsp;<\/p>\n<p>&nbsp;<\/p>\n<p>&nbsp;<\/p>\n<p>&nbsp;<\/p>\n<div id=\"attachment_468\" style=\"width: 550px\" class=\"wp-caption alignnone\"><img loading=\"lazy\" decoding=\"async\" aria-describedby=\"caption-attachment-468\" class=\"wp-image-468 size-full\" src=\"https:\/\/shglb.com\/wp-content\/uploads\/Scan0001......-Small.jpg\" alt=\"Scan0001...... (Small)\" width=\"540\" height=\"480\" \/><p id=\"caption-attachment-468\" class=\"wp-caption-text\">Les jumeaux Paul et Gilles Brunelle<\/p><\/div>\n","protected":false},"excerpt":{"rendered":"<p>La page de g\u00e9n\u00e9alogie avec&#8230; &#8230;Nicole Sp\u00e9nard &nbsp; &nbsp; &nbsp; &nbsp; Ici, nous pouvons suivre plusieurs g\u00e9n\u00e9rations qui se succ\u00e8dent, dans les familles Demers, Lafond et Tousignant. La version compl\u00e8te de cette g\u00e9n\u00e9alogie est \u00e9galement disponible; elle comprend tous les descendants de ces familles. Nicole Sp\u00e9nard a collig\u00e9 ainsi les noms de plus de cent [&hellip;]<\/p>\n","protected":false},"author":2,"featured_media":0,"parent":0,"menu_order":0,"comment_status":"closed","ping_status":"closed","template":"","meta":{"footnotes":""},"class_list":["post-35","page","type-page","status-publish","hentry"],"_links":{"self":[{"href":"https:\/\/shglb.com\/index.php\/wp-json\/wp\/v2\/pages\/35","targetHints":{"allow":["GET"]}}],"collection":[{"href":"https:\/\/shglb.com\/index.php\/wp-json\/wp\/v2\/pages"}],"about":[{"href":"https:\/\/shglb.com\/index.php\/wp-json\/wp\/v2\/types\/page"}],"author":[{"embeddable":true,"href":"https:\/\/shglb.com\/index.php\/wp-json\/wp\/v2\/users\/2"}],"replies":[{"embeddable":true,"href":"https:\/\/shglb.com\/index.php\/wp-json\/wp\/v2\/comments?post=35"}],"version-history":[{"count":19,"href":"https:\/\/shglb.com\/index.php\/wp-json\/wp\/v2\/pages\/35\/revisions"}],"predecessor-version":[{"id":643,"href":"https:\/\/shglb.com\/index.php\/wp-json\/wp\/v2\/pages\/35\/revisions\/643"}],"wp:attachment":[{"href":"https:\/\/shglb.com\/index.php\/wp-json\/wp\/v2\/media?parent=35"}],"curies":[{"name":"wp","href":"https:\/\/api.w.org\/{rel}","templated":true}]}}