{"id":30,"date":"2015-05-23T16:30:26","date_gmt":"2015-05-23T15:30:26","guid":{"rendered":"http:\/\/shglb.iftsn.com\/?page_id=30"},"modified":"2017-03-24T16:41:20","modified_gmt":"2017-03-24T20:41:20","slug":"publications","status":"publish","type":"page","link":"https:\/\/shglb.com\/index.php\/publications\/","title":{"rendered":"Publications"},"content":{"rendered":"<p>Parmi nos publications, les calendriers 2004, 2005, 2006.<\/p>\n<p>Certains exemplaires sont encore disponibles pour la somme de $5.00.<\/p>\n<p>Le calendrier 2007, mettant en relief les anniversaires, jubil\u00e9es, et nos centenaires, est aussi en vente, pour la m\u00eame somme.<\/p>\n<p>Un registre des <a href=\"https:\/\/shglb.com\/index.php\/exemple-du-registre-des-baptemes\/\">bapt\u00eames<\/a>, des mariages (class\u00e9s <a href=\"https:\/\/shglb.com\/index.php\/exemple-du-registre-des-mariages-avec-classement-par-nom-de-lepoux\/\">par nom du mari<\/a> et <a href=\"https:\/\/shglb.com\/index.php\/exemple-du-registre-des-mariages-avec-classement-par-le-nom-de-lepouse\/\">par nom de l&#8217;\u00e9pouse<\/a>, et des <a href=\"https:\/\/shglb.com\/index.php\/exemple-du-registre-des-sepultures\/\">s\u00e9pultures<\/a>, pour la paroisse de Sainte-C\u00e9cile-de-L\u00e9vrard, couvrant les ann\u00e9es 1908 \u00e0 1940 est disponible pour $12.00.<\/p>\n<p>Un volume de pr\u00e8s de 250 pages, concernant la paroisse de Sainte-Sophie-de-L\u00e9vrard, pour les ann\u00e9es 1874 \u00e0 1940, est en vente depuis 2007, au co\u00fbt de $35.00. Il est possible d&#8217;obtenir, sur demande, des renseignements suppl\u00e9mentaires, non indiqu\u00e9s sur les registres en vente, comme les noms des parrains et marraines, le m\u00e9tier du p\u00e8re, le nom des t\u00e9moins, et des notes sp\u00e9cifiques.<\/p>\n<p>Un autre registre, pour la paroisse de Saint-Pierre-les-Becquets, est en pr\u00e9paration.<\/p>\n<p>Plusieurs dossiers, sur le Manoir, les routes et chemins, les moulins, et autres sujets trait\u00e9s ici sont en voie d&#8217;\u00eatre compl\u00e9t\u00e9s d&#8217;ici peu, et seront disponibles sur demande.<\/p>\n<p>L&#8217;histoire du moulin du lot 178 a \u00e9t\u00e9 \u00e9dit\u00e9e en 2009, sous reliure boudin\u00e9e, et comprend plusieurs pages couleur; un CD le compl\u00e8te, avec la totalit\u00e9 des actes notari\u00e9s num\u00e9ris\u00e9s, et faciles \u00e0 consulter; des photos in\u00e9dites accompagnent le tout.<\/p>\n<p>L&#8217;histoire du moulin du lot 343 reprend la m\u00eame formule; de plus, le CD qui l&#8217;accompagne contient un vid\u00e9o qui montre le site tel qu&#8217;il \u00e9tait dans les ann\u00e9es 1980.<\/p>\n<p>Le livre sur le moulin du lot 533 a \u00e9t\u00e9 imprim\u00e9 \u00e0 l&#8217;\u00e9t\u00e9 2012; il est enrichi d&#8217;un CD qui reprend les formules pr\u00e9c\u00e9dentes.<\/p>\n<p>Un ouvrage intitul\u00e9 &#8220;Tomate et tomaterie&#8221; est disponible depuis l&#8217;automne 2014, au co\u00fbt de $20; il relate l&#8217;histoire de la tomate, la vie de Jean-Baptiste Lelaidier, la cr\u00e9ation de la conserverie et couvre les festivals de la tomate; il est accompagn\u00e9 d&#8217;un DVD montrant tous les documents num\u00e9ris\u00e9s et des vid\u00e9os d&#8217;anciens travailleurs dans le domaine de la tomate.<\/p>\n<p>En 2016, Jocelyne Lafond a publi\u00e9 un livre sur &#8220;Le moulin des sources (1873-1961)&#8230;qui devint aqueduc (1903- \u00a0)&#8221; qui raconte la vie d&#8217;un moulin \u00e0 scie et sa nouvelle vocation d&#8217;aqueduc municipal.<\/p>\n","protected":false},"excerpt":{"rendered":"<p>Parmi nos publications, les calendriers 2004, 2005, 2006. Certains exemplaires sont encore disponibles pour la somme de $5.00. Le calendrier 2007, mettant en relief les anniversaires, jubil\u00e9es, et nos centenaires, est aussi en vente, pour la m\u00eame somme. Un registre des bapt\u00eames, des mariages (class\u00e9s par nom du mari et par nom de l&#8217;\u00e9pouse, et [&hellip;]<\/p>\n","protected":false},"author":8,"featured_media":0,"parent":0,"menu_order":0,"comment_status":"closed","ping_status":"closed","template":"","meta":{"footnotes":""},"class_list":["post-30","page","type-page","status-publish","hentry"],"_links":{"self":[{"href":"https:\/\/shglb.com\/index.php\/wp-json\/wp\/v2\/pages\/30","targetHints":{"allow":["GET"]}}],"collection":[{"href":"https:\/\/shglb.com\/index.php\/wp-json\/wp\/v2\/pages"}],"about":[{"href":"https:\/\/shglb.com\/index.php\/wp-json\/wp\/v2\/types\/page"}],"author":[{"embeddable":true,"href":"https:\/\/shglb.com\/index.php\/wp-json\/wp\/v2\/users\/8"}],"replies":[{"embeddable":true,"href":"https:\/\/shglb.com\/index.php\/wp-json\/wp\/v2\/comments?post=30"}],"version-history":[{"count":6,"href":"https:\/\/shglb.com\/index.php\/wp-json\/wp\/v2\/pages\/30\/revisions"}],"predecessor-version":[{"id":1008,"href":"https:\/\/shglb.com\/index.php\/wp-json\/wp\/v2\/pages\/30\/revisions\/1008"}],"wp:attachment":[{"href":"https:\/\/shglb.com\/index.php\/wp-json\/wp\/v2\/media?parent=30"}],"curies":[{"name":"wp","href":"https:\/\/api.w.org\/{rel}","templated":true}]}}