{"id":24,"date":"2015-05-23T16:27:01","date_gmt":"2015-05-23T21:27:01","guid":{"rendered":"http:\/\/shglb.iftsn.com\/?page_id=24"},"modified":"2015-07-19T08:21:15","modified_gmt":"2015-07-19T13:21:15","slug":"liens-utiles","status":"publish","type":"page","link":"https:\/\/shglb.com\/index.php\/liens-utiles\/","title":{"rendered":"Liens utiles"},"content":{"rendered":"<p style=\"text-align: left;\"><strong>Les journaux locaux:<\/strong><\/p>\n<p><em>Le Petit Romain, de Saint-Pierre-les-Becquets<\/em><br \/>\nmunicipalite@st-pierre-les-becquets.qc.ca<\/p>\n<p><em>La Cri\u00e9e, de Sainte-Sophie-de-L\u00e9vrard<\/em><br \/>\nSuzanne Fournier, responsable<br \/>\nsuzzz99@hotmail.com<\/p>\n<p><em>Info-C\u00e9cilois, de Sainte-C\u00e9cile-de-L\u00e9vrard<\/em><br \/>\ninfo@munstececilelvrd.ca<\/p>\n<p>&nbsp;<\/p>\n<p><em><strong>Diverses soci\u00e9t\u00e9s d&#8217;Histoire du Qu\u00e9bec:<\/strong><\/em><\/p>\n<ul>\n<li><a href=\"http:\/\/www.histoirequebec.qc.ca\" target=\"_blank\">F\u00e9d\u00e9ration des soci\u00e9t\u00e9s d&#8217;Histoire du Qu\u00e9bec<\/a><\/li>\n<li><a href=\"http:\/\/pages.videotron.com\/pbenoit\/soc_h.htm\" target=\"_blank\">Index des soci\u00e9t\u00e9s d&#8217;histoire<\/a><\/li>\n<\/ul>\n<p><strong><em>R\u00e9f\u00e9rences sur l&#8217;Histoire du Qu\u00e9bec:<\/em><\/strong><\/p>\n<ul>\n<li><a href=\"http:\/\/www.histoirequebec.qc.ca\/publicat\/pub_indx.htm\" target=\"_blank\">F\u00e9d\u00e9ration des soci\u00e9t\u00e9s d&#8217;hisoire du Qu\u00e9bec<\/a>,\u00a0Une excellente s\u00e9rie d&#8217;article.<\/li>\n<\/ul>\n<p>&nbsp;<\/p>\n","protected":false},"excerpt":{"rendered":"<p>Les journaux locaux: Le Petit Romain, de Saint-Pierre-les-Becquets municipalite@st-pierre-les-becquets.qc.ca La Cri\u00e9e, de Sainte-Sophie-de-L\u00e9vrard Suzanne Fournier, responsable suzzz99@hotmail.com Info-C\u00e9cilois, de Sainte-C\u00e9cile-de-L\u00e9vrard info@munstececilelvrd.ca &nbsp; Diverses soci\u00e9t\u00e9s d&#8217;Histoire du Qu\u00e9bec: F\u00e9d\u00e9ration des soci\u00e9t\u00e9s d&#8217;Histoire du Qu\u00e9bec Index des soci\u00e9t\u00e9s d&#8217;histoire R\u00e9f\u00e9rences sur l&#8217;Histoire du Qu\u00e9bec: F\u00e9d\u00e9ration des soci\u00e9t\u00e9s d&#8217;hisoire du Qu\u00e9bec,\u00a0Une excellente s\u00e9rie d&#8217;article. &nbsp;<\/p>\n","protected":false},"author":2,"featured_media":0,"parent":0,"menu_order":0,"comment_status":"closed","ping_status":"closed","template":"","meta":{"footnotes":""},"class_list":["post-24","page","type-page","status-publish","hentry"],"_links":{"self":[{"href":"https:\/\/shglb.com\/index.php\/wp-json\/wp\/v2\/pages\/24","targetHints":{"allow":["GET"]}}],"collection":[{"href":"https:\/\/shglb.com\/index.php\/wp-json\/wp\/v2\/pages"}],"about":[{"href":"https:\/\/shglb.com\/index.php\/wp-json\/wp\/v2\/types\/page"}],"author":[{"embeddable":true,"href":"https:\/\/shglb.com\/index.php\/wp-json\/wp\/v2\/users\/2"}],"replies":[{"embeddable":true,"href":"https:\/\/shglb.com\/index.php\/wp-json\/wp\/v2\/comments?post=24"}],"version-history":[{"count":5,"href":"https:\/\/shglb.com\/index.php\/wp-json\/wp\/v2\/pages\/24\/revisions"}],"predecessor-version":[{"id":686,"href":"https:\/\/shglb.com\/index.php\/wp-json\/wp\/v2\/pages\/24\/revisions\/686"}],"wp:attachment":[{"href":"https:\/\/shglb.com\/index.php\/wp-json\/wp\/v2\/media?parent=24"}],"curies":[{"name":"wp","href":"https:\/\/api.w.org\/{rel}","templated":true}]}}