{"id":225,"date":"2015-05-25T18:04:28","date_gmt":"2015-05-25T17:04:28","guid":{"rendered":"http:\/\/shglb.iftsn.com\/?page_id=225"},"modified":"2015-05-26T18:35:58","modified_gmt":"2015-05-26T17:35:58","slug":"ressources-naturelles-et-industries","status":"publish","type":"page","link":"https:\/\/shglb.com\/index.php\/ressources-naturelles-et-industries\/","title":{"rendered":"Ressources naturelles et industries"},"content":{"rendered":"<ul class=\"display-posts-listing\"><li class=\"listing-item\"><a class=\"title\" href=\"https:\/\/shglb.com\/index.php\/2018\/01\/05\/du-gaz-de-schiste-a-saint-pierre-les-becquets\/\">Du gaz de schiste \u00e0 Saint-Pierre-les-Becquets<\/a><\/li><li class=\"listing-item\"><a class=\"title\" href=\"https:\/\/shglb.com\/index.php\/2015\/05\/25\/gaz-de-schiste\/\">Gaz de schiste<\/a><\/li><li class=\"listing-item\"><a class=\"title\" href=\"https:\/\/shglb.com\/index.php\/2015\/09\/08\/il-fallait-dabord-ebouillanter-les-tomates\/\">Il fallait d&#8217;abord \u00e9bouillanter les tomates<\/a><\/li><li class=\"listing-item\"><a class=\"title\" href=\"https:\/\/shglb.com\/index.php\/2015\/05\/31\/jean-baptiste-lelaidier\/\">Jean-Baptiste Lelaidier<\/a><\/li><li class=\"listing-item\"><a class=\"title\" href=\"https:\/\/shglb.com\/index.php\/2015\/09\/27\/lepluchage-a-la-cuillere\/\">L&#8217;\u00e9pluchage \u00e0 la cuill\u00e8re<\/a><\/li><li class=\"listing-item\"><a class=\"title\" href=\"https:\/\/shglb.com\/index.php\/2015\/09\/09\/la-mise-en-conserve-et-le-sertissage\/\">La mise en conserve et le sertissage<\/a><\/li><li class=\"listing-item\"><a class=\"title\" href=\"https:\/\/shglb.com\/index.php\/2015\/09\/06\/la-reception-des-tomates-a-la-conserverie\/\">La r\u00e9ception des tomates \u00e0 la conserverie<\/a><\/li><li class=\"listing-item\"><a class=\"title\" href=\"https:\/\/shglb.com\/index.php\/2015\/05\/31\/la-tomate-son-histoire\/\">La tomate: son histoire<\/a><\/li><li class=\"listing-item\"><a class=\"title\" href=\"https:\/\/shglb.com\/index.php\/2015\/06\/01\/la-tomaterie\/\">La Tomaterie<\/a><\/li><li class=\"listing-item\"><a class=\"title\" href=\"https:\/\/shglb.com\/index.php\/2015\/05\/25\/le-bois\/\">Le bois<\/a><\/li><li class=\"listing-item\"><a class=\"title\" href=\"https:\/\/shglb.com\/index.php\/2018\/09\/25\/le-ketchup\/\">Le ketchup<\/a><\/li><li class=\"listing-item\"><a class=\"title\" href=\"https:\/\/shglb.com\/index.php\/2015\/09\/10\/le-refroidissement-des-conserves-puis-letiquettage\/\">Le refroidissement des conserves, puis leur \u00e9tiquetage<\/a><\/li><li class=\"listing-item\"><a class=\"title\" href=\"https:\/\/shglb.com\/index.php\/2015\/08\/23\/le-travail-des-eplucheuses-de-tomates\/\">Le travail des \u00e9plucheuses de tomates<\/a><\/li><li class=\"listing-item\"><a class=\"title\" href=\"https:\/\/shglb.com\/index.php\/2015\/07\/14\/les-paniers-pour-les-tomates\/\">Les paniers pour les tomates<\/a><\/li><li class=\"listing-item\"><a class=\"title\" href=\"https:\/\/shglb.com\/index.php\/2015\/10\/27\/les-reparations-aux-batiments-le-chauffage-des-autoclaves\/\">Les r\u00e9parations aux b\u00e2timents; le chauffage des autoclaves<\/a><\/li><li class=\"listing-item\"><a class=\"title\" href=\"https:\/\/shglb.com\/index.php\/2015\/05\/25\/mines-de-fer\/\">Mines de fer<\/a><\/li><li class=\"listing-item\"><a class=\"title\" href=\"https:\/\/shglb.com\/index.php\/2015\/07\/16\/secretaire-de-la-tomaterie\/\">Secr\u00e9taire de la tomaterie<\/a><\/li><li class=\"listing-item\"><a class=\"title\" href=\"https:\/\/shglb.com\/index.php\/2016\/02\/02\/sterilisation-des-conserves-et-fabrication-du-ketchup\/\">St\u00e9rilisation des conserves et fabrication du ketchup<\/a><\/li><li class=\"listing-item\"><a class=\"title\" href=\"https:\/\/shglb.com\/index.php\/2015\/05\/26\/une-travailleuse-de-la-tomate-cecile-spenard-poisson\/\">Une travailleuse de la tomate, C\u00e9cile Sp\u00e9nard-Poisson<\/a><\/li><\/ul>\n","protected":false},"excerpt":{"rendered":"","protected":false},"author":8,"featured_media":0,"parent":0,"menu_order":0,"comment_status":"closed","ping_status":"closed","template":"","meta":{"footnotes":""},"class_list":["post-225","page","type-page","status-publish","hentry"],"_links":{"self":[{"href":"https:\/\/shglb.com\/index.php\/wp-json\/wp\/v2\/pages\/225","targetHints":{"allow":["GET"]}}],"collection":[{"href":"https:\/\/shglb.com\/index.php\/wp-json\/wp\/v2\/pages"}],"about":[{"href":"https:\/\/shglb.com\/index.php\/wp-json\/wp\/v2\/types\/page"}],"author":[{"embeddable":true,"href":"https:\/\/shglb.com\/index.php\/wp-json\/wp\/v2\/users\/8"}],"replies":[{"embeddable":true,"href":"https:\/\/shglb.com\/index.php\/wp-json\/wp\/v2\/comments?post=225"}],"version-history":[{"count":3,"href":"https:\/\/shglb.com\/index.php\/wp-json\/wp\/v2\/pages\/225\/revisions"}],"predecessor-version":[{"id":241,"href":"https:\/\/shglb.com\/index.php\/wp-json\/wp\/v2\/pages\/225\/revisions\/241"}],"wp:attachment":[{"href":"https:\/\/shglb.com\/index.php\/wp-json\/wp\/v2\/media?parent=225"}],"curies":[{"name":"wp","href":"https:\/\/api.w.org\/{rel}","templated":true}]}}