{"id":22,"date":"2015-05-23T16:19:55","date_gmt":"2015-05-23T15:19:55","guid":{"rendered":"http:\/\/shglb.iftsn.com\/?page_id=22"},"modified":"2015-06-29T16:22:23","modified_gmt":"2015-06-29T21:22:23","slug":"pour-nous-rejoindre","status":"publish","type":"page","link":"https:\/\/shglb.com\/index.php\/pour-nous-rejoindre\/","title":{"rendered":"Pour nous rejoindre"},"content":{"rendered":"<p>Par la poste:<br \/>\nSoci\u00e9t\u00e9 d&#8217;Histoire et de G\u00e9n\u00e9alogie L\u00e9vrard-Becquet<br \/>\n110, des Loisirs<br \/>\nLes Becquets, Qc, Canada<br \/>\nG0X 2Z0<\/p>\n<p>&nbsp;<\/p>\n<p>Par courriel:<br \/>\ninfo@shglb.com<\/p>\n<p>&nbsp;<\/p>\n<p>Par t\u00e9l\u00e9phone:<br \/>\n(819) 263-2622<\/p>\n","protected":false},"excerpt":{"rendered":"<p>Par la poste: Soci\u00e9t\u00e9 d&#8217;Histoire et de G\u00e9n\u00e9alogie L\u00e9vrard-Becquet 110, des Loisirs Les Becquets, Qc, Canada G0X 2Z0 &nbsp; Par courriel: info@shglb.com &nbsp; Par t\u00e9l\u00e9phone: (819) 263-2622<\/p>\n","protected":false},"author":8,"featured_media":0,"parent":0,"menu_order":0,"comment_status":"closed","ping_status":"closed","template":"","meta":{"footnotes":""},"class_list":["post-22","page","type-page","status-publish","hentry"],"_links":{"self":[{"href":"https:\/\/shglb.com\/index.php\/wp-json\/wp\/v2\/pages\/22","targetHints":{"allow":["GET"]}}],"collection":[{"href":"https:\/\/shglb.com\/index.php\/wp-json\/wp\/v2\/pages"}],"about":[{"href":"https:\/\/shglb.com\/index.php\/wp-json\/wp\/v2\/types\/page"}],"author":[{"embeddable":true,"href":"https:\/\/shglb.com\/index.php\/wp-json\/wp\/v2\/users\/8"}],"replies":[{"embeddable":true,"href":"https:\/\/shglb.com\/index.php\/wp-json\/wp\/v2\/comments?post=22"}],"version-history":[{"count":3,"href":"https:\/\/shglb.com\/index.php\/wp-json\/wp\/v2\/pages\/22\/revisions"}],"predecessor-version":[{"id":694,"href":"https:\/\/shglb.com\/index.php\/wp-json\/wp\/v2\/pages\/22\/revisions\/694"}],"wp:attachment":[{"href":"https:\/\/shglb.com\/index.php\/wp-json\/wp\/v2\/media?parent=22"}],"curies":[{"name":"wp","href":"https:\/\/api.w.org\/{rel}","templated":true}]}}