{"id":19,"date":"2015-05-23T16:17:52","date_gmt":"2015-05-23T15:17:52","guid":{"rendered":"http:\/\/shglb.iftsn.com\/?page_id=19"},"modified":"2015-12-08T07:57:18","modified_gmt":"2015-12-08T12:57:18","slug":"qui-sommes-nous","status":"publish","type":"page","link":"https:\/\/shglb.com\/index.php\/qui-sommes-nous\/","title":{"rendered":"Qui sommes-nous?"},"content":{"rendered":"<p style=\"text-align: center;\"><strong>Historique de la Soci\u00e9t\u00e9 d\u2019Histoire et de G\u00e9n\u00e9alogie L\u00e9vrard-Becquet<\/strong><\/p>\n<p>\u00c9t\u00e9 2012.<\/p>\n<p>Comme vous le savez, la Soci\u00e9t\u00e9 d\u2019Histoire et de G\u00e9n\u00e9alogie L\u00e9vrard-Becquet va f\u00eater dans quelques mois, son dixi\u00e8me anniversaire de cr\u00e9ation.<\/p>\n<p>\u00c0 l\u2019origine, quelques passionn\u00e9s d\u2019histoire et de g\u00e9n\u00e9alogie se sont rencontr\u00e9s pour mettre en commun des connaissances, des documents, le d\u00e9sir de faire cro\u00eetre ce bagage, et de le partager avec notre entourage.<\/p>\n<p>Nous avons eu, au fil des ann\u00e9es, un support important de la part du conseil municipal de St-Pierre-les-Becquets, qui nous a fourni un local, du mat\u00e9riel, des subventions de fonctionnement, et un appui moral appr\u00e9ciable. Les municipalit\u00e9s de Ste-C\u00e9cile-de-L\u00e9vrard et de Ste-Sophie-de-L\u00e9vrard nous octroient r\u00e9guli\u00e8rement une subvention tr\u00e8s appr\u00e9ci\u00e9e, et l\u2019aide requise pour nos recherches.<\/p>\n<p>Notre site web, mis sur le r\u00e9seau il y a pr\u00e8s de six ans, nous a fait conna\u00eetre un peu partout au Qu\u00e9bec, et m\u00eame aux Etats-Unis; nous recevons des demandes de renseignement, historique et g\u00e9n\u00e9alogique, de fa\u00e7on r\u00e9guli\u00e8re.<\/p>\n<p>Nos publications des registres BMS de deux paroisses connaissent un succ\u00e8s int\u00e9ressant, et nous devons m\u00eame r\u00e9\u00e9diter celui de Ste-C\u00e9cile.<\/p>\n<p>La cr\u00e9ation de la soci\u00e9t\u00e9 d\u2019Histoire a stimul\u00e9 la curiosit\u00e9 de bien des gens, et les retomb\u00e9es culturelles et patrimoniales commencent \u00e0 se faire sentir; il s\u2019agit \u00e9videmment d\u2019une tendance \u00e0 long terme.<\/p>\n<p>Notre <a href=\"https:\/\/shglb.com\/index.php\/conseil-dadministration\/\">conseil d&#8217;administration<\/a> g\u00e8re le tout de fa\u00e7on dynamique.<\/p>\n<p>Bref, un avenir plein de projets et de promesses\u2026<\/p>\n<p>Nous remercions nos commanditaires.<\/p>\n<p><img loading=\"lazy\" decoding=\"async\" class=\"alignleft  wp-image-972\" src=\"https:\/\/shglb.com\/wp-content\/uploads\/815-10021_Cooperer_CMYK1-300x115.jpg\" alt=\"815-10021_Cooperer_CMYK\" width=\"355\" height=\"136\" srcset=\"https:\/\/shglb.com\/wp-content\/uploads\/815-10021_Cooperer_CMYK1-300x115.jpg 300w, https:\/\/shglb.com\/wp-content\/uploads\/815-10021_Cooperer_CMYK1.jpg 843w\" sizes=\"auto, (max-width: 355px) 100vw, 355px\" \/><\/p>\n<p>&nbsp;<\/p>\n","protected":false},"excerpt":{"rendered":"<p>Historique de la Soci\u00e9t\u00e9 d\u2019Histoire et de G\u00e9n\u00e9alogie L\u00e9vrard-Becquet \u00c9t\u00e9 2012. Comme vous le savez, la Soci\u00e9t\u00e9 d\u2019Histoire et de G\u00e9n\u00e9alogie L\u00e9vrard-Becquet va f\u00eater dans quelques mois, son dixi\u00e8me anniversaire de cr\u00e9ation. \u00c0 l\u2019origine, quelques passionn\u00e9s d\u2019histoire et de g\u00e9n\u00e9alogie se sont rencontr\u00e9s pour mettre en commun des connaissances, des documents, le d\u00e9sir de faire [&hellip;]<\/p>\n","protected":false},"author":8,"featured_media":0,"parent":0,"menu_order":0,"comment_status":"closed","ping_status":"closed","template":"","meta":{"footnotes":""},"class_list":["post-19","page","type-page","status-publish","hentry"],"_links":{"self":[{"href":"https:\/\/shglb.com\/index.php\/wp-json\/wp\/v2\/pages\/19","targetHints":{"allow":["GET"]}}],"collection":[{"href":"https:\/\/shglb.com\/index.php\/wp-json\/wp\/v2\/pages"}],"about":[{"href":"https:\/\/shglb.com\/index.php\/wp-json\/wp\/v2\/types\/page"}],"author":[{"embeddable":true,"href":"https:\/\/shglb.com\/index.php\/wp-json\/wp\/v2\/users\/8"}],"replies":[{"embeddable":true,"href":"https:\/\/shglb.com\/index.php\/wp-json\/wp\/v2\/comments?post=19"}],"version-history":[{"count":6,"href":"https:\/\/shglb.com\/index.php\/wp-json\/wp\/v2\/pages\/19\/revisions"}],"predecessor-version":[{"id":973,"href":"https:\/\/shglb.com\/index.php\/wp-json\/wp\/v2\/pages\/19\/revisions\/973"}],"wp:attachment":[{"href":"https:\/\/shglb.com\/index.php\/wp-json\/wp\/v2\/media?parent=19"}],"curies":[{"name":"wp","href":"https:\/\/api.w.org\/{rel}","templated":true}]}}