{"id":144,"date":"2015-05-25T04:43:29","date_gmt":"2015-05-25T08:43:29","guid":{"rendered":"http:\/\/shglb.iftsn.com\/?page_id=144"},"modified":"2023-09-20T15:14:31","modified_gmt":"2023-09-20T19:14:31","slug":"conseil-dadministration","status":"publish","type":"page","link":"https:\/\/shglb.com\/index.php\/conseil-dadministration\/","title":{"rendered":"Conseil d\u2019administration"},"content":{"rendered":"<p style=\"text-align: center;\"><span style=\"font-size: 12pt;\"><strong>Conseil d\u2019administration 2023<\/strong><\/span><\/p>\n<p><strong>Pr\u00e9sident:<\/strong><\/p>\n<p>Alain Manset, Saint-Pierre-les-Becquets<\/p>\n<p><strong>Vice-pr\u00e9sident:<\/strong><\/p>\n<p>Ga\u00ebtan Lemay, Saint-Pierre-les-Becquets<\/p>\n<p><strong>Secr\u00e9taire-tr\u00e9sori\u00e8re:<\/strong><\/p>\n<p>Jocelyne Lafond, Saint-Pierre-les-Becquets<\/p>\n<p><strong>Administrateurs:<\/strong><\/p>\n<p>R\u00e9nald Paquin, Saint-Pierre-les-Becquets<br \/>\nNicole Sp\u00e9nard, Sainte-C\u00e9cile-de-L\u00e9vrard<\/p>\n<p>\u2026 tous b\u00e9n\u00e9voles!<\/p>\n<p style=\"text-align: center;\"><strong>Remerciements<\/strong><\/p>\n<p style=\"text-align: justify;\">Le conseil d\u2019administration de la Soci\u00e9t\u00e9 tient \u00e0 remercier tous les b\u00e9n\u00e9voles qui ont donn\u00e9 de leur temps, et souvent, des ressources mat\u00e9rielles et financi\u00e8res pour mener \u00e0 bien notre mandat.<\/p>\n<p style=\"text-align: justify;\">Nous pensons ici \u00e0 ceux qui ont utilis\u00e9 leurs temps libres pour effectuer des recherches, organiser des rencontres, qui ont pr\u00eat\u00e9 ou donn\u00e9 des documents.<\/p>\n<p style=\"text-align: justify;\">Nous remercions particuli\u00e8rement les municipalit\u00e9s de Saint-Pierre-les-Becquets, de Sainte-Sophie-de-L\u00e9vrard et de Sainte-C\u00e9cile-de-L\u00e9vrard pour leur subvention annuelle, sans qui notre mandat serait moins facile \u00e0 r\u00e9aliser.<\/p>\n<p style=\"text-align: justify;\">Nous avons re\u00e7u une aide appr\u00e9ciable de Biblioth\u00e8que et Archives Nationales du Qu\u00e9bec.<\/p>\n<p style=\"text-align: justify;\">Le gouvernement f\u00e9d\u00e9ral, par le biais de Emploi \u00e9t\u00e9 Canada et du programme &#8220;Nouveaux Horizons pour les a\u00een\u00e9s&#8221; nous a accord\u00e9 un appui tr\u00e8s important.<\/p>\n","protected":false},"excerpt":{"rendered":"<p>Conseil d\u2019administration 2023 Pr\u00e9sident: Alain Manset, Saint-Pierre-les-Becquets Vice-pr\u00e9sident: Ga\u00ebtan Lemay, Saint-Pierre-les-Becquets Secr\u00e9taire-tr\u00e9sori\u00e8re: Jocelyne Lafond, Saint-Pierre-les-Becquets Administrateurs: R\u00e9nald Paquin, Saint-Pierre-les-Becquets Nicole Sp\u00e9nard, Sainte-C\u00e9cile-de-L\u00e9vrard \u2026 tous b\u00e9n\u00e9voles! Remerciements Le conseil d\u2019administration de la Soci\u00e9t\u00e9 tient \u00e0 remercier tous les b\u00e9n\u00e9voles qui ont donn\u00e9 de leur temps, et souvent, des ressources mat\u00e9rielles et financi\u00e8res pour mener \u00e0 bien [&hellip;]<\/p>\n","protected":false},"author":2,"featured_media":0,"parent":0,"menu_order":0,"comment_status":"closed","ping_status":"closed","template":"","meta":{"footnotes":""},"class_list":["post-144","page","type-page","status-publish","hentry"],"_links":{"self":[{"href":"https:\/\/shglb.com\/index.php\/wp-json\/wp\/v2\/pages\/144","targetHints":{"allow":["GET"]}}],"collection":[{"href":"https:\/\/shglb.com\/index.php\/wp-json\/wp\/v2\/pages"}],"about":[{"href":"https:\/\/shglb.com\/index.php\/wp-json\/wp\/v2\/types\/page"}],"author":[{"embeddable":true,"href":"https:\/\/shglb.com\/index.php\/wp-json\/wp\/v2\/users\/2"}],"replies":[{"embeddable":true,"href":"https:\/\/shglb.com\/index.php\/wp-json\/wp\/v2\/comments?post=144"}],"version-history":[{"count":4,"href":"https:\/\/shglb.com\/index.php\/wp-json\/wp\/v2\/pages\/144\/revisions"}],"predecessor-version":[{"id":1268,"href":"https:\/\/shglb.com\/index.php\/wp-json\/wp\/v2\/pages\/144\/revisions\/1268"}],"wp:attachment":[{"href":"https:\/\/shglb.com\/index.php\/wp-json\/wp\/v2\/media?parent=144"}],"curies":[{"name":"wp","href":"https:\/\/api.w.org\/{rel}","templated":true}]}}